{"id":34,"date":"2024-06-14T16:59:13","date_gmt":"2024-06-14T16:59:13","guid":{"rendered":"https:\/\/wishability.online\/?page_id=34"},"modified":"2024-06-14T17:57:50","modified_gmt":"2024-06-14T17:57:50","slug":"agb-faq","status":"publish","type":"page","link":"https:\/\/wishability.online\/en\/agb-faq\/","title":{"rendered":"AGB | FAQ"},"content":{"rendered":"<p>[et_pb_section fb_built=&#8220;1&#8243; _builder_version=&#8220;4.25.1&#8243; _module_preset=&#8220;default&#8220; custom_padding=&#8220;||9px|||&#8220; global_colors_info=&#8220;{}&#8220;][et_pb_row _builder_version=&#8220;4.25.1&#8243; _module_preset=&#8220;default&#8220; custom_padding=&#8220;||36px|||&#8220; global_colors_info=&#8220;{}&#8220;][et_pb_column type=&#8220;4_4&#8243; _builder_version=&#8220;4.25.1&#8243; _module_preset=&#8220;default&#8220; global_colors_info=&#8220;{}&#8220;][et_pb_menu menu_id=&#8220;none&#8220; menu_style=&#8220;centered&#8220; active_link_color=&#8220;#E09900&#8243; logo=&#8220;https:\/\/wishability.online\/wp-content\/uploads\/2024\/06\/wish-ability-Logo-Entwurf_ONLY3.png&#8220; logo_height=&#8220;200px&#8220; menu_icon_color=&#8220;#000000&#8243; _builder_version=&#8220;4.25.1&#8243; _module_preset=&#8220;default&#8220; menu_font=&#8220;Jost|800||on|||||&#8220; menu_text_color=&#8220;#000000&#8243; menu_font_size=&#8220;20px&#8220; custom_padding=&#8220;33px||22px|||&#8220; border_radii=&#8220;on|20px|20px|20px|20px&#8220; border_width_all=&#8220;1px&#8220; box_shadow_style=&#8220;preset2&#8243; global_colors_info=&#8220;{}&#8220;][\/et_pb_menu][\/et_pb_column][\/et_pb_row][\/et_pb_section][et_pb_section fb_built=&#8220;1&#8243; _builder_version=&#8220;4.25.1&#8243; _module_preset=&#8220;default&#8220; custom_margin=&#8220;-20px|||||&#8220; custom_padding=&#8220;25px|||||&#8220; global_colors_info=&#8220;{}&#8220;][et_pb_row _builder_version=&#8220;4.25.1&#8243; _module_preset=&#8220;default&#8220; global_colors_info=&#8220;{}&#8220;][et_pb_column type=&#8220;4_4&#8243; _builder_version=&#8220;4.25.1&#8243; _module_preset=&#8220;default&#8220; global_colors_info=&#8220;{}&#8220;][et_pb_text _builder_version=&#8220;4.25.1&#8243; _module_preset=&#8220;default&#8220; text_font=&#8220;Jost||||||||&#8220; text_font_size=&#8220;20px&#8220; header_font=&#8220;Jost|600|||||||&#8220; header_text_align=&#8220;left&#8220; header_font_size=&#8220;40px&#8220; header_line_height=&#8220;1.5em&#8220; custom_padding=&#8220;2vh||52px|2vw|false|false&#8220; hover_enabled=&#8220;0&#8243; border_radii=&#8220;on|20px|20px|20px|20px&#8220; border_width_all=&#8220;1px&#8220; box_shadow_style=&#8220;preset2&#8243; global_colors_info=&#8220;{}&#8220; sticky_enabled=&#8220;0&#8243;]<\/p>\n<p style=\"text-align: center;\"><strong>A Wisher&#8217;s Guide through Galaxy<\/strong><\/p>\n<h1 style=\"text-align: center;\"><span style=\"font-weight: 400;\">AGBs | FAQ &#8211;\u00a0<\/span><\/h1>\n<h1><span style=\"font-weight: 400;\">Die AGBs verstehen sich als Empfehlungen. Sie sind optional und dienen allen Menschen, unabh\u00e4ngig von Alter, Herkunft, Religion oder Geschlecht.<\/span><\/h1>\n<p>&nbsp;<\/p>\n<p><b>Generell:<\/b><span style=\"font-weight: 400;\"> Alle W\u00fcnsche sind gleich wertvoll. Jeder Wunsch ist von sich aus neutral, also weder \u201cgut\u201d noch \u201cschlecht\u201d.\u00a0<\/span><\/p>\n<p><span style=\"font-weight: 400;\">\u201cSchlechte W\u00fcnsche&#8220;, alias \u201cVerw\u00fcnschung\u201d werden durch ihre mangelnde Aufmerksamkeit und mangelnde Teilnehmerzahl W\u00fcnschender, im Sinne der automatischen Selbstkontrolle, abgelehnt.<\/span><\/p>\n<p><b>W\u00fcnsche funktionieren als Spiegel:<\/b><\/p>\n<p><span style=\"font-weight: 400;\">Es ist leichter, sich \u201cGutes\u201d f\u00fcr andere zu w\u00fcnschen. Es wird zu Dir zur\u00fcckkommen. W\u00fcnschst Du Dir hingegen unvorteilhafte Dinge f\u00fcr andere, werden auch diese zu Dir zur\u00fcckkehren.\u00a0<\/span><\/p>\n<p><span style=\"font-weight: 400;\">Du brauchst keine Erwartungen zu haben, womit oder wodurch (Wann, Wo) sich Dein Wunsch materialisiert.<\/span><\/p>\n<p><span style=\"font-weight: 400;\">Du gibst dem Wunsch die Form, den Inhalt bestimmt das Universum.<\/span><\/p>\n<p><span style=\"font-weight: 400;\">Wunscherf\u00fcllung ist keine Selbstverst\u00e4ndlichkeit, sei dankbar!<\/span><\/p>\n<p><span style=\"font-weight: 400;\">Es gibt <\/span><b>\u201c<a href=\"https:\/\/wishability.online\/wunschgemeinschaften\/\" target=\"_blank\" rel=\"noopener\">Private W\u00fcnsche<\/a>\u201d<\/b><span style=\"font-weight: 400;\">, das sind W\u00fcnsche, die nur Dir pers\u00f6nlich nutzen.\u00a0\u00a0<\/span><\/p>\n<p><span style=\"font-weight: 400;\">Hingegen ein <\/span><b>\u201c<a href=\"https:\/\/wishability.online\/wunschgemeinschaften\/\" target=\"_blank\" rel=\"noopener\">Gemeinschaftswunsch<\/a>\u201d<\/b><span style=\"font-weight: 400;\">, daher ein Wunsch, der von Dir ausgeht und der die Gemeinschaft anderer\/alle Lebewesen betrifft, \u00f6ffentlich gemacht werden kann, um die Umsetzung (Manifestation) zu bekr\u00e4ftigen.\u00a0<\/span><\/p>\n<p>[\/et_pb_text][et_pb_button button_text=&#8220;Ich habe die AGBs gelesen und verstanden.&#8220; button_alignment=&#8220;center&#8220; _builder_version=&#8220;4.25.1&#8243; _module_preset=&#8220;default&#8220; custom_button=&#8220;on&#8220; button_text_size=&#8220;26px&#8220; button_text_color=&#8220;#FFFFFF&#8220; button_bg_color=&#8220;#E02B20&#8243; button_border_radius=&#8220;9px&#8220; button_icon=&#8220;&#x56;||divi||400&#8243; button_icon_placement=&#8220;left&#8220; button_on_hover=&#8220;off&#8220; custom_margin=&#8220;4vh||||false|false&#8220; global_colors_info=&#8220;{}&#8220;][\/et_pb_button][\/et_pb_column][\/et_pb_row][\/et_pb_section]<\/p>\n","protected":false},"excerpt":{"rendered":"<p>A Wisher&#8217;s Guide through Galaxy AGBs | FAQ &#8211;\u00a0 Die AGBs verstehen sich als Empfehlungen. Sie sind optional und dienen allen Menschen, unabh\u00e4ngig von Alter, Herkunft, Religion oder Geschlecht. &nbsp; Generell: Alle W\u00fcnsche sind gleich wertvoll. Jeder Wunsch ist von sich aus neutral, also weder \u201cgut\u201d noch \u201cschlecht\u201d.\u00a0 \u201cSchlechte W\u00fcnsche&#8220;, alias \u201cVerw\u00fcnschung\u201d werden durch ihre [&hellip;]<\/p>\n","protected":false},"author":1,"featured_media":0,"parent":0,"menu_order":0,"comment_status":"closed","ping_status":"closed","template":"page-template-blank.php","meta":{"_acf_changed":false,"_et_pb_use_builder":"on","_et_pb_old_content":"<!-- wp:divi\/placeholder \/-->","_et_gb_content_width":"","footnotes":""},"class_list":["post-34","page","type-page","status-publish","hentry"],"acf":[],"_links":{"self":[{"href":"https:\/\/wishability.online\/en\/wp-json\/wp\/v2\/pages\/34","targetHints":{"allow":["GET"]}}],"collection":[{"href":"https:\/\/wishability.online\/en\/wp-json\/wp\/v2\/pages"}],"about":[{"href":"https:\/\/wishability.online\/en\/wp-json\/wp\/v2\/types\/page"}],"author":[{"embeddable":true,"href":"https:\/\/wishability.online\/en\/wp-json\/wp\/v2\/users\/1"}],"replies":[{"embeddable":true,"href":"https:\/\/wishability.online\/en\/wp-json\/wp\/v2\/comments?post=34"}],"version-history":[{"count":13,"href":"https:\/\/wishability.online\/en\/wp-json\/wp\/v2\/pages\/34\/revisions"}],"predecessor-version":[{"id":70,"href":"https:\/\/wishability.online\/en\/wp-json\/wp\/v2\/pages\/34\/revisions\/70"}],"wp:attachment":[{"href":"https:\/\/wishability.online\/en\/wp-json\/wp\/v2\/media?parent=34"}],"curies":[{"name":"wp","href":"https:\/\/api.w.org\/{rel}","templated":true}]}}